{"id":454,"date":"2022-06-16T14:05:54","date_gmt":"2022-06-16T12:05:54","guid":{"rendered":"https:\/\/www.gym-saubens.fr\/?page_id=454"},"modified":"2025-09-20T13:51:53","modified_gmt":"2025-09-20T11:51:53","slug":"inscriptions","status":"publish","type":"page","link":"https:\/\/www.gym-saubens.fr\/index.php\/inscriptions\/","title":{"rendered":"Inscriptions"},"content":{"rendered":"\n<h1 class=\"wp-block-heading\">Ann\u00e9e 2025 2026<\/h1>\n\n\n\n<p>Les inscriptions ouvrent pour cette prochaine saison. Les tarifs sont inchang\u00e9s.<\/p>\n\n\n\n<p>Les inscriptions sont \u00e0 transmettre en format d\u00e9mat\u00e9rialis\u00e9 par mail \u00e0<br><a rel=\"noreferrer noopener\" href=\"mailto:contact@gym-saubens.fr\" target=\"_blank\">contact@gym-saubens.fr<\/a> ou sur papier sous enveloppe dans la bo\u00eete aux lettres Gym Saubens dans le hall de la Mairie pendant ses heures<br>d&rsquo;ouverture, sinon dans la bo\u00eete aux lettres de la Mairie situ\u00e9e \u00e0<br>droite de l&rsquo;entr\u00e9e.<br>Votre dossier doit comprendre la fiche d&rsquo;inscription, le questionnaire<br>m\u00e9dical ainsi que le r\u00e8glement int\u00e9rieur sign\u00e9 du yoga danse pour les cours des enfants.<\/p>\n\n\n\n<p>Voici donc le <a href=\"http:\/\/www.gym-saubens.fr\/wp-content\/uploads\/2025\/09\/fiche-inscription-2025-2026vgd14.pdf\" target=\"_blank\" rel=\"noreferrer noopener\">formulaire<\/a> d&rsquo;inscription pour cette ann\u00e9e (avec les tarifs),    le <a rel=\"noreferrer noopener\" href=\"http:\/\/www.gym-saubens.fr\/wp-content\/uploads\/2022\/06\/reglement-interieur.pdf\" target=\"_blank\">r\u00e8glement int\u00e9rieur<\/a> g\u00e9n\u00e9ral, le <a href=\"http:\/\/www.gym-saubens.fr\/wp-content\/uploads\/2025\/07\/reglement-yogadanse2025.pdf\">r\u00e8glement int\u00e9rieu<\/a>r pour le Yoga-danse (enfants), le <a href=\"http:\/\/www.gym-saubens.fr\/wp-content\/uploads\/2025\/07\/Questionnaire-Medical-sans-date.pdf\">questionnaire<\/a> m\u00e9dical, et le <a rel=\"noreferrer noopener\" href=\"http:\/\/www.gym-saubens.fr\/wp-content\/uploads\/2022\/02\/RIBca.pdf\" target=\"_blank\">RIB<\/a> de l&rsquo;association Gym-Saubens. <\/p>\n\n\n\n<p>Pour les activit\u00e9s non annuelles (demi-journ\u00e9es bien-\u00eatre, stages, etc) les inscriptions se font avec l&rsquo;annonce de l&rsquo;\u00e9v\u00e9nement (onglet \u00ab\u00a0actualit\u00e9s\/Evenements\u00a0\u00bb ) .<\/p>\n\n\n\n<p>Pour participer \u00e0 l&rsquo;activit\u00e9 \u00ab\u00a0Reconnexion \u00e0 son corps en musique\u00a0\u00bb, les inscription se feront \u00e0 chaque \u00e9v\u00e9nement aupr\u00e8s de l&rsquo;intervenante (cf onglet actualit\u00e9s)<\/p>\n\n\n\n<p><\/p>\n\n\n\n<p><\/p>\n\n\n\n<p><\/p>\n","protected":false},"excerpt":{"rendered":"<p>Ann\u00e9e 2025 2026 Les inscriptions ouvrent pour cette prochaine saison. Les tarifs sont inchang\u00e9s. Les inscriptions sont \u00e0 transmettre en format d\u00e9mat\u00e9rialis\u00e9 par mail \u00e0contact@gym-saubens.fr ou sur papier sous enveloppe dans la bo\u00eete aux lettres Gym Saubens dans le hall de la Mairie pendant ses heuresd&rsquo;ouverture, sinon dans la bo\u00eete aux lettres de la Mairie&hellip; <a class=\"more-link\" href=\"https:\/\/www.gym-saubens.fr\/index.php\/inscriptions\/\">Poursuivre la lecture <span class=\"screen-reader-text\">Inscriptions<\/span><\/a><\/p>\n","protected":false},"author":1,"featured_media":0,"parent":0,"menu_order":0,"comment_status":"closed","ping_status":"closed","template":"","meta":[],"_links":{"self":[{"href":"https:\/\/www.gym-saubens.fr\/index.php\/wp-json\/wp\/v2\/pages\/454"}],"collection":[{"href":"https:\/\/www.gym-saubens.fr\/index.php\/wp-json\/wp\/v2\/pages"}],"about":[{"href":"https:\/\/www.gym-saubens.fr\/index.php\/wp-json\/wp\/v2\/types\/page"}],"author":[{"embeddable":true,"href":"https:\/\/www.gym-saubens.fr\/index.php\/wp-json\/wp\/v2\/users\/1"}],"replies":[{"embeddable":true,"href":"https:\/\/www.gym-saubens.fr\/index.php\/wp-json\/wp\/v2\/comments?post=454"}],"version-history":[{"count":36,"href":"https:\/\/www.gym-saubens.fr\/index.php\/wp-json\/wp\/v2\/pages\/454\/revisions"}],"predecessor-version":[{"id":968,"href":"https:\/\/www.gym-saubens.fr\/index.php\/wp-json\/wp\/v2\/pages\/454\/revisions\/968"}],"wp:attachment":[{"href":"https:\/\/www.gym-saubens.fr\/index.php\/wp-json\/wp\/v2\/media?parent=454"}],"curies":[{"name":"wp","href":"https:\/\/api.w.org\/{rel}","templated":true}]}}