{"id":104,"date":"2016-10-17T16:30:17","date_gmt":"2016-10-17T14:30:17","guid":{"rendered":"http:\/\/www.gym-saubens.fr\/?page_id=104"},"modified":"2020-03-20T10:35:47","modified_gmt":"2020-03-20T09:35:47","slug":"mentions-legales","status":"publish","type":"page","link":"https:\/\/www.gym-saubens.fr\/index.php\/mentions-legales\/","title":{"rendered":"Mentions L\u00e9gales"},"content":{"rendered":"<p style=\"text-align: justify;\">Le site <a href=\"http:\/\/www.gym-saubens.fr\">www.gym-saubens.fr<\/a> est un site associatif, pour la pratique du Pilates.<\/p>\n<p style=\"text-align: justify;\"><strong>\u00c9diteur<\/strong><\/p>\n<p>GYM SAUBENS<br \/>\n1 PLACE GERAUD LAVERGNE<br \/>\n31600 SAUBENS<\/p>\n<p>N\u00b0 SIRET : 48478135600015<\/p>\n<p style=\"text-align: justify;\"><strong>Directeur de r\u00e9daction: <\/strong><span style=\"color: #000000;\">Sandrine RENAUD<br \/>\n<\/span><\/p>\n<p style=\"text-align: justify;\"><strong>Respect des lois en vigueur<\/strong><\/p>\n<p style=\"text-align: justify;\">Le site respecte la vie priv\u00e9e de l\u2019internaute et se conforme strictement aux lois en vigueur sur la protection de la vie priv\u00e9e et des libert\u00e9s individuelles. Aucune information personnelle n\u2019est collect\u00e9e \u00e0 votre insu. Aucune information personnelle n\u2019est c\u00e9d\u00e9e \u00e0 des tiers. Les courriels, les adresses \u00e9lectroniques ou autres informations nominatives dont ce site est destinataire ne font l\u2019objet d\u2019aucune exploitation et ne sont conserv\u00e9s que pour la dur\u00e9e n\u00e9cessaire \u00e0 leur traitement.<\/p>\n<p style=\"text-align: justify;\"><strong>Droit des internautes\u00a0: droit d\u2019acc\u00e8s et de rectification<\/strong><\/p>\n<p style=\"text-align: justify;\">Conform\u00e9ment aux dispositions de la loi n\u00b078-17 du 6 janvier 1978 relative \u00e0 l\u2019informatique, aux fichiers et aux libert\u00e9s, les internautes disposent d\u2019un droit d\u2019acc\u00e8s, de modification, de rectification et de suppression des donn\u00e9es qui les concernent. Ce droit s\u2019exerce par voie postale, en justifiant de son identit\u00e9, \u00e0 l\u2019adresse suivante\u00a0:<\/p>\n<p style=\"text-align: justify;\">GYM SAUBENS<br \/>\n1 PLACE GERAUD LAVERGNE<br \/>\n31600 SAUBENS<\/p>\n<p style=\"text-align: justify;\"><strong>Cookie<\/strong><\/p>\n<p style=\"text-align: justify;\">Un cookie est un fichier texte d\u00e9pos\u00e9 sur votre ordinateur lors de la visite d\u2019un site ou de la consultation d\u2019une publicit\u00e9. Il a pour but de collecter des informations relatives \u00e0 votre navigation et de vous adresser des services adapt\u00e9s \u00e0 votre terminal (ordinateur, mobile ou tablette). Les cookies sont g\u00e9r\u00e9s par votre navigateur internet.<\/p>\n<p style=\"text-align: justify;\">Nous veillons dans la mesure du possible \u00e0 ce que les prestataires de mesures d\u2019audience respectent strictement la loi informatique et libert\u00e9s du 6 janvier 1978 modifi\u00e9e et s\u2019engagent \u00e0 mettre en \u0153uvre des mesures appropri\u00e9es de s\u00e9curisation et de protection de la confidentialit\u00e9 des donn\u00e9es.<\/p>\n<p style=\"text-align: justify;\"><strong>Prestataire d\u2019h\u00e9bergement<\/strong><\/p>\n<p style=\"text-align: justify;\">OVH<br \/>\n2 rue Kellermann<br \/>\n59100 Roubaix &#8211; France.<\/p>\n<p style=\"text-align: justify;\"><strong>Droits de reproduction des documents<br \/>\n<\/strong><\/p>\n<p style=\"text-align: justify;\">La mention \u00ab\u00a0\u00a9 <a href=\"http:\/\/www.gym-saubens.fr\">www.gym-saubens.fr<\/a>\u00a0\u00bb devra donc \u00eatre indiqu\u00e9e. Toute reprise de contenus est conditionn\u00e9e \u00e0 l\u2019accord de l\u2019auteur en vertu de l\u2019article L.122-4 du Code de la propri\u00e9t\u00e9 Intellectuelle. Les informations utilis\u00e9es ne doivent l\u2019\u00eatre qu\u2019\u00e0 des fins personnelles, associatives ou professionnelles\u00a0; toute diffusion ou utilisation \u00e0 des fins commerciales ou publicitaires \u00e9tant interdites.<\/p>\n<p style=\"text-align: justify;\"><strong>Demande d\u2019autorisation de reproduction du logo<\/strong><\/p>\n<p style=\"text-align: justify;\">Si, dans le cadre d\u2019une communication officielle, vous avez besoin d\u2019utiliser le logotype de l\u2019association pour tous supports internes et externes (brochures, publications, sites, etc.), merci d\u2019envoyer votre demande \u00e0 l\u2019adresse suivante\u00a0:<\/p>\n<p style=\"text-align: justify;\">GYM SAUBENS<br \/>\n1 PLACE GERAUD LAVERGNE<br \/>\n31600 SAUBENS<\/p>\n<p style=\"text-align: justify;\"><strong>Demande d\u2019autorisation de reproduction des contenus<\/strong><\/p>\n<p style=\"text-align: justify;\">Toute copie partielle ou int\u00e9grale sur support papier ou sous forme \u00e9lectronique de pages du site doit faire l\u2019objet d\u2019une d\u00e9claration aupr\u00e8s du webmaster.<br \/>\nLes demandes d\u2019autorisation de reproduction d\u2019un contenu doivent \u00eatre adress\u00e9es \u00e0 la r\u00e9daction du site, en \u00e9crivant \u00e0\u00a0:<\/p>\n<p style=\"text-align: justify;\">GYM SAUBENS<br \/>\n1 PLACE GERAUD LAVERGNE<br \/>\n31600 SAUBENS<\/p>\n<p style=\"text-align: justify;\">La demande devra pr\u00e9ciser le contenu vis\u00e9 ainsi que la publication ou le site sur lequel ce dernier figurera. Une fois cette autorisation obtenue, la reproduction d\u2019un contenu doit ob\u00e9ir aux principes suivants\u00a0:<\/p>\n<ul style=\"text-align: justify;\">\n<li>gratuit\u00e9 de la diffusion\u00a0;<\/li>\n<li>respect de l\u2019int\u00e9grit\u00e9 des documents reproduits (aucune modification, ni alt\u00e9ration d\u2019aucune sorte)\u00a0;<\/li>\n<li>mention obligatoire\u00a0: \u00ab\u00a0\u00a9 <a href=\"http:\/\/www.gym-sauebns.fr\">gym-saubens.fr<\/a> &#8211; droits r\u00e9serv\u00e9s\u00a0\u00bb. Cette mention pointera gr\u00e2ce \u00e0 un lien hypertexte directement sur le contenu.<\/li>\n<\/ul>\n<p style=\"text-align: justify;\"><strong>Cr\u00e9ation de liens vers le site<\/strong><\/p>\n<p style=\"text-align: justify;\">Le site www.gym-saubens.fr autorise, sans autorisation pr\u00e9alable, la mise en place de liens hypertextes pointant vers ses pages, sous r\u00e9serve de\u00a0:<\/p>\n<ul style=\"text-align: justify;\">\n<li>mentionner la source qui pointera gr\u00e2ce \u00e0 un lien hypertexte directement sur le contenu vis\u00e9.<\/li>\n<li>ne pas utiliser le logotype sans autorisation<\/li>\n<\/ul>\n<p style=\"text-align: justify;\">Les sites qui font le choix de pointer vers www.gym-saubens.fr engagent leur responsabilit\u00e9 d\u00e8s lors qu\u2019ils porteraient atteinte \u00e0 l\u2019image du site public.<\/p>\n<p>&nbsp;<\/p>\n","protected":false},"excerpt":{"rendered":"<p>Le site www.gym-saubens.fr est un site associatif, pour la pratique du Pilates. \u00c9diteur GYM SAUBENS 1 PLACE GERAUD LAVERGNE 31600 SAUBENS N\u00b0 SIRET : 48478135600015 Directeur de r\u00e9daction: Sandrine RENAUD Respect des lois en vigueur Le site respecte la vie priv\u00e9e de l\u2019internaute et se conforme strictement aux lois en vigueur sur la protection de&hellip; <a class=\"more-link\" href=\"https:\/\/www.gym-saubens.fr\/index.php\/mentions-legales\/\">Poursuivre la lecture <span class=\"screen-reader-text\">Mentions L\u00e9gales<\/span><\/a><\/p>\n","protected":false},"author":1,"featured_media":0,"parent":0,"menu_order":0,"comment_status":"closed","ping_status":"closed","template":"","meta":[],"_links":{"self":[{"href":"https:\/\/www.gym-saubens.fr\/index.php\/wp-json\/wp\/v2\/pages\/104"}],"collection":[{"href":"https:\/\/www.gym-saubens.fr\/index.php\/wp-json\/wp\/v2\/pages"}],"about":[{"href":"https:\/\/www.gym-saubens.fr\/index.php\/wp-json\/wp\/v2\/types\/page"}],"author":[{"embeddable":true,"href":"https:\/\/www.gym-saubens.fr\/index.php\/wp-json\/wp\/v2\/users\/1"}],"replies":[{"embeddable":true,"href":"https:\/\/www.gym-saubens.fr\/index.php\/wp-json\/wp\/v2\/comments?post=104"}],"version-history":[{"count":5,"href":"https:\/\/www.gym-saubens.fr\/index.php\/wp-json\/wp\/v2\/pages\/104\/revisions"}],"predecessor-version":[{"id":324,"href":"https:\/\/www.gym-saubens.fr\/index.php\/wp-json\/wp\/v2\/pages\/104\/revisions\/324"}],"wp:attachment":[{"href":"https:\/\/www.gym-saubens.fr\/index.php\/wp-json\/wp\/v2\/media?parent=104"}],"curies":[{"name":"wp","href":"https:\/\/api.w.org\/{rel}","templated":true}]}}